{"id":10446,"date":"2020-11-25T13:17:45","date_gmt":"2020-11-25T11:17:45","guid":{"rendered":"https:\/\/loca-ski.com\/condiciones-generales-de-alquiler-3\/"},"modified":"2025-12-19T20:06:15","modified_gmt":"2025-12-19T18:06:15","slug":"condiciones-generales-de-alquiler-3","status":"publish","type":"page","link":"https:\/\/loca-ski.com\/es\/condiciones-generales-de-alquiler-3\/","title":{"rendered":"Condiciones generales de alquiler"},"content":{"rendered":"\t\t<div data-elementor-type=\"wp-page\" data-elementor-id=\"10446\" class=\"elementor elementor-10446 elementor-2288\" data-elementor-post-type=\"page\">\n\t\t\t\t<div class=\"elementor-element elementor-element-9130f4f e-flex e-con-boxed e-con e-parent\" data-id=\"9130f4f\" data-element_type=\"container\" data-e-type=\"container\">\n\t\t\t\t\t<div class=\"e-con-inner\">\n\t\t\t\t<div class=\"elementor-element elementor-element-2f876b4 elementor-widget elementor-widget-heading\" data-id=\"2f876b4\" data-element_type=\"widget\" data-e-type=\"widget\" data-widget_type=\"heading.default\">\n\t\t\t\t<div class=\"elementor-widget-container\">\n\t\t\t\t\t<h2 class=\"elementor-heading-title elementor-size-default\">CONDICIONES GENERALES DE ALQUILER<\/h2>\t\t\t\t<\/div>\n\t\t\t\t<\/div>\n\t\t\t\t<div class=\"elementor-element elementor-element-8b25bac elementor-widget elementor-widget-text-editor\" data-id=\"8b25bac\" data-element_type=\"widget\" data-e-type=\"widget\" data-widget_type=\"text-editor.default\">\n\t\t\t\t<div class=\"elementor-widget-container\">\n\t\t\t\t\t\t\t\t\t<p><strong>V\u00e1lido a partir del 2 de octubre de 2024<\/strong><\/p><p>La SASU Loca-Ski, inscrita en el RCS de Pau con el n\u00famero B 883 589 301 y con domicilio social en R\u00e9sidence Pescamou 64570 ARETTE, ofrece el alquiler de material deportivo de tabla y material asociado a trav\u00e9s de su sitio web loca-ski.com y en su tienda.<\/p><p>El alquiler de material implica la aceptaci\u00f3n de estas condiciones, que se aplican por separado a las reservas online y al alquiler en tienda.<\/p>\t\t\t\t\t\t\t\t<\/div>\n\t\t\t\t<\/div>\n\t\t\t\t\t<\/div>\n\t\t\t\t<\/div>\n\t\t<div class=\"elementor-element elementor-element-5fc7b44 e-flex e-con-boxed e-con e-parent\" data-id=\"5fc7b44\" data-element_type=\"container\" data-e-type=\"container\">\n\t\t\t\t\t<div class=\"e-con-inner\">\n\t\t\t\t<div class=\"elementor-element elementor-element-e33cda1 elementor-widget elementor-widget-text-editor\" data-id=\"e33cda1\" data-element_type=\"widget\" data-e-type=\"widget\" data-widget_type=\"text-editor.default\">\n\t\t\t\t<div class=\"elementor-widget-container\">\n\t\t\t\t\t\t\t\t\t<h3>1. IDENTIDAD DE LA EMPRESA<\/h3><p>SASU Loca-Ski, RCS Pau B 883 589 301, Residencia Pescamou, 64570 ARETTE (en lo sucesivo, \u00abel Arrendatario\u00bb).<\/p><hr><h3>2. ACEPTACI\u00d3N DE LAS CONDICIONES GENERALES<\/h3><p>La validaci\u00f3n de cualquier reserva o reserva de alquiler en tienda implica la aceptaci\u00f3n sin reservas de estos t\u00e9rminos y condiciones por parte del Cliente.<\/p><hr><h3>3. MATERIAL OFRECIDO<\/h3><p>El equipamiento se presenta por categor\u00edas, sin garant\u00eda de un modelo concreto. El equipamiento que aparece en l\u00ednea o en la tienda se ofrece s\u00f3lo a t\u00edtulo informativo y no tiene valor contractual. <\/p><hr><h3>4. ALQUILER, RECOGIDA Y DEVOLUCI\u00d3N DEL MATERIAL<\/h3><p><strong>Reservas en l\u00ednea<\/strong>: Las reservas se pueden hacer en nuestro sitio web las 24 horas del d\u00eda. Sin embargo, para las reservas en l\u00ednea realizadas el d\u00eda anterior a la llegada, ten en cuenta que los pedidos recibidos despu\u00e9s de las 17.00 (hora francesa) se registrar\u00e1n como prepagados, pero no se preparar\u00e1n para su recogida inmediata. <\/p><p><strong>Inicio del alquiler<\/strong>: El alquiler entra en vigor en cuanto el cliente recoge el material en nuestra tienda \u00abLoca Ski La Pierre Saint Martin\u00bb.<\/p><p>Impresi\u00f3n de la <strong>tarjeta<\/strong> de cr\u00e9dito: Se solicitar\u00e1 al cliente una impresi\u00f3n de la tarjeta de cr\u00e9dito cuando recoja el equipo en la tienda.<\/p><p><strong>Devoluci\u00f3n del material<\/strong>: El periodo de alquiler finaliza cuando el material se devuelve \u00edntegramente en la misma tienda \u00abLoca Ski La Pierre Saint Martin\u00bb.<\/p><p><strong>Estado del material<\/strong>: Todo el material alquilado se acepta en buen estado y debe devolverse en las mismas condiciones. Todo el material alquilado que est\u00e9 numerado o marcado debe devolverse con el mismo n\u00famero y marca. <\/p><p>Reservas <strong>sobre<\/strong> el estado del material: Cualquier reserva sobre el estado del material debe comunicarse en el momento de la recogida, para que cualquier anomal\u00eda pueda tenerse en cuenta en el momento de la recogida.<\/p><hr><h3>5. PERIODO DE ALQUILER<\/h3><p>La duraci\u00f3n se acuerda al hacer la reserva en l\u00ednea o en la tienda. Cualquier pr\u00f3rroga deber\u00e1 ser aceptada expresamente por el Arrendatario y conllevar\u00e1 cargos adicionales. <\/p><hr><h3>6. PRECIOS Y CONDICIONES DE PAGO<\/h3><p><br>P<strong>recios:<\/strong> Los precios var\u00edan seg\u00fan la categor\u00eda del equipo y la fecha de reserva. Un d\u00eda completo se cobra por un d\u00eda que ya ha comenzado. <\/p><p><br>P<strong>ago en l\u00ednea:<\/strong> El pago se realiza en l\u00ednea con tarjeta de cr\u00e9dito a trav\u00e9s de Stripe con confirmaci\u00f3n por correo electr\u00f3nico. Todas las transacciones est\u00e1n protegidas por SSL. <\/p><p><br>P<strong>ago en tienda:<\/strong> El pago en tienda se acepta en efectivo, cheque, ancv o tarjeta bancaria.<\/p><hr><h3>7. FIANZAS Y GARANT\u00cdAS<\/h3><p>Se requiere la impresi\u00f3n de una tarjeta de cr\u00e9dito para cada alquiler y se cancelar\u00e1 cuando se devuelva el equipo en buen estado.<\/p><hr><h3>8. USO DE MATERIAL ALQUILADO<\/h3><p>El cliente se compromete a utilizar el equipo con prudencia, sin peligro para terceros y de acuerdo con la normativa vigente.<\/p><p>Cualquier modificaci\u00f3n realizada por el propio cliente, sin la intervenci\u00f3n de la tienda Loca-Ski La Pierre Saint Martin, exime a la tienda de toda responsabilidad por cualquier perjuicio causado por esta modificaci\u00f3n, incluso si la realiza un tercero.<\/p><p>En caso de equipo da\u00f1ado, el arrendatario se compromete a pagar las reparaciones en funci\u00f3n de la factura o presupuesto que se le presente, adem\u00e1s del coste del alquiler. El material alquilado queda bajo la custodia del arrendatario, que asume la plena y total responsabilidad del mismo. <\/p><p>En caso de p\u00e9rdida, robo o rotura, el material se facturar\u00e1 a precio de coste sin IVA, variando el importe seg\u00fan la antig\u00fcedad o el estado de los esqu\u00eds.<\/p><p>Consulta la <strong>tabla de la secci\u00f3n de Garant\u00eda por Da\u00f1os\/Robo<\/strong> para m\u00e1s detalles.<\/p><hr>\t\t\t\t\t\t\t\t<\/div>\n\t\t\t\t<\/div>\n\t\t\t\t\t<\/div>\n\t\t\t\t<\/div>\n\t\t<div class=\"elementor-element elementor-element-8905d87 e-flex e-con-boxed e-con e-parent\" data-id=\"8905d87\" data-element_type=\"container\" data-e-type=\"container\" id=\"garantie\">\n\t\t\t\t\t<div class=\"e-con-inner\">\n\t\t\t\t<div class=\"elementor-element elementor-element-d6cebd7 elementor-widget elementor-widget-text-editor\" data-id=\"d6cebd7\" data-element_type=\"widget\" data-e-type=\"widget\" data-widget_type=\"text-editor.default\">\n\t\t\t\t<div class=\"elementor-widget-container\">\n\t\t\t\t\t\t\t\t\t<h3>9. RESPONSABILIDAD Y GARANT\u00cdA<\/h3><h4>9.1 Responsabilidad civil del cliente<\/h4><p>El Cliente es responsable de cualquier da\u00f1o, salvo que haya contratado la garant\u00eda de rotura\/robo. En caso de vicios ocultos o desgaste oculto, el Cliente no es responsable bajo prueba. <\/p><h4>9.2 Garant\u00eda de da\u00f1os\/robos<\/h4><p>Esta cobertura est\u00e1 sujeta a un recargo (2 \u20ac\/d\u00eda\/persona) y puede contratarse en l\u00ednea o en la tienda. Cubre : <\/p><ul><li><strong>Da\u00f1os parciales o totales:<\/strong> que requieren reparaci\u00f3n o inutilizan el equipo.<\/li><li><strong>Robo:<\/strong> de todo o parte del material alquilado.<\/li><\/ul><p>Si se suscribe el contrato, el Arrendatario pagar\u00e1 los costes de reparaci\u00f3n\/reemplazo tras deducir una franquicia (ver tabla).<\/p>\t\t\t\t\t\t\t\t<\/div>\n\t\t\t\t<\/div>\n\t\t\t\t<div class=\"elementor-element elementor-element-62923dc elementor-widget elementor-widget-html\" data-id=\"62923dc\" data-element_type=\"widget\" data-e-type=\"widget\" id=\"tableau_garantie\" data-widget_type=\"html.default\">\n\t\t\t\t<div class=\"elementor-widget-container\">\n\t\t\t\t\t<div class=\"table-responsive\">\n    <table>\n        <thead>\n            <tr>\n                <th>CATEGOR\u00cdAS<\/th>\n                <th>SI EQUIPO CUBIERTO IMPORTE DE LA FRANQUICIA<\/th>\n                <th>SI EQUIPO NO CUBIERTO COSTE DEL EQUIPO<\/th>\n            <\/tr>\n        <\/thead>\n        <tbody>\n            <tr>\n                <td>Esqu\u00ed Pitchoun\/Junior\/Esqu\u00ed verde<\/td>\n                <td>35\u20ac<\/td>\n                <td>95\u20ac<\/td>\n            <\/tr>\n            <tr>\n                <td>Esqu\u00ed azul<\/td>\n                <td>60\u20ac<\/td>\n                <td>190\u20ac<\/td>\n            <\/tr>\n            <tr>\n                <td>Esqu\u00ed rojo<\/td>\n                <td>80\u20ac<\/td>\n                <td>290\u20ac<\/td>\n            <\/tr>\n            <tr>\n                <td>Esqu\u00ed negro<\/td>\n                <td>150\u20ac<\/td>\n                <td>590\u20ac<\/td>\n            <\/tr>\n            <tr>\n                <td>Snowboard Junior<\/td>\n                <td>40\u20ac<\/td>\n                <td>120\u20ac<\/td>\n            <\/tr>\n            <tr>\n                <td>Snowboard Adulto<\/td>\n                <td>60\u20ac<\/td>\n                <td>190\u20ac<\/td>\n            <\/tr>\n            <tr>\n                <td>Esqu\u00ed de traves\u00eda<\/td>\n                <td>300\u20ac<\/td>\n                <td>900\u20ac<\/td>\n            <\/tr>\n              <tr>\n                <td>Pieles de foca<\/td>\n                <td>35\u20ac<\/td>\n                <td>95\u20ac<\/td>\n            <\/tr>\n              <tr>\n                <td>Palos<\/td>\n                <td>4\u20ac por palo para ni\u00f1os o adultos<\/td>\n                <td>10\u20ac por palo para ni\u00f1os (&lt;=105cm) 15\u20ac por palo para adultos<\/td>\n            <\/tr>\n            <tr>\n                <td>Botas esqu\u00ed\/Snow\/Rando<\/td>\n                <td>20% precio de venta al p\u00fablico<\/td>\n                <td>PVP -15% por a\u00f1o de obsolescencia<\/td>\n            <\/tr>\n        <\/tbody>\n    <\/table>\n<\/div>\n\t\t\t\t<\/div>\n\t\t\t\t<\/div>\n\t\t\t\t\t<\/div>\n\t\t\t\t<\/div>\n\t\t<div class=\"elementor-element elementor-element-e0d5294 e-flex e-con-boxed e-con e-parent\" data-id=\"e0d5294\" data-element_type=\"container\" data-e-type=\"container\">\n\t\t\t\t\t<div class=\"e-con-inner\">\n\t\t\t\t<div class=\"elementor-element elementor-element-ee24ce3 elementor-widget elementor-widget-text-editor\" data-id=\"ee24ce3\" data-element_type=\"widget\" data-e-type=\"widget\" data-widget_type=\"text-editor.default\">\n\t\t\t\t<div class=\"elementor-widget-container\">\n\t\t\t\t\t\t\t\t\t<h3>10. DEVOLUCI\u00d3N DEL EQUIPO<\/h3><p>El material debe devolverse en la fecha y hora acordadas. Las devoluciones fuera de plazo pueden dar lugar a cargos adicionales. <\/p><hr><h3>11. CANCELACI\u00d3N Y REEMBOLSO<\/h3><h3><strong>11.1 Anulaci\u00f3n por parte del Cliente :<\/strong><strong><br><\/strong><\/h3><p> <\/p><ul><li>Todas las solicitudes de cancelaci\u00f3n deben hacerse por escrito y enviarse a <strong><a rel=\"noopener\">contact@loca-ski.com<\/a><\/strong>con al menos <strong>3 d\u00edas de antelaci\u00f3n<\/strong>.<\/li><li>Aceptaci\u00f3n <strong>o<\/strong> rechazo: Loca Ski se reserva el derecho de aceptar o rechazar cancelaciones.<\/li><li><strong>Prueba exigida<\/strong>: Se puede solicitar una prueba de la cancelaci\u00f3n (por ejemplo, certificado m\u00e9dico, denegaci\u00f3n de vacaciones, fuerza mayor, etc.).<\/li><\/ul><h4><strong>Condiciones meteorol\u00f3gicas<\/strong><\/h4><ul><li><strong>No se efectuar\u00e1n cancelaciones ni reembolsos<\/strong> en caso de mal tiempo, siempre que <strong>al menos el 30% de la zona esquiable permanezca abierta<\/strong>.<\/li><li>En caso de cancelaci\u00f3n aceptada, se retendr\u00e1 <strong>un 20% del importe del alquiler<\/strong>.<br><br><\/li><\/ul><p>Todas las solicitudes de cancelaci\u00f3n deben hacerse por escrito y enviarse a <strong><a rel=\"noopener\">contact@loca-ski.com<\/a><\/strong>con al menos <strong>3 d\u00edas de antelaci\u00f3n<\/strong>.<\/p><h3><strong>11.2 Anulaci\u00f3n por parte del arrendatario :<\/strong><\/h3><ul><li>En caso de indisponibilidad, el arrendador ofrecer\u00e1 una soluci\u00f3n alternativa o el reembolso \u00edntegro.<\/li><\/ul><hr><h3>12. DATOS PERSONALES<\/h3><p>De acuerdo con la Ley francesa de Protecci\u00f3n de Datos, el Cliente tiene derecho a acceder, rectificar y eliminar la informaci\u00f3n que le concierne.<\/p><hr><h3>13. LITIGIOS Y LEY APLICABLE<\/h3><p>Estas condiciones se rigen por la legislaci\u00f3n francesa. En caso de litigio, s\u00f3lo ser\u00e1n competentes los tribunales con jurisdicci\u00f3n en el domicilio social del Arrendatario. <\/p><hr><h3>14. CONTACTO<\/h3><p><br><br><br><strong>Servicio de atenci\u00f3n al cliente<\/strong>: Direcci\u00f3n: R\u00e9sidence Pescamou, 64570 ARETTE Tel\u00e9fono: +33 5 59 59 66 09 79 Correo electr\u00f3nico:<a rel=\"noopener\">contact@loca-ski.com<\/a><\/p>\t\t\t\t\t\t\t\t<\/div>\n\t\t\t\t<\/div>\n\t\t\t\t\t<\/div>\n\t\t\t\t<\/div>\n\t\t<div class=\"elementor-element elementor-element-4b877e2 e-flex e-con-boxed e-con e-parent\" data-id=\"4b877e2\" data-element_type=\"container\" data-e-type=\"container\">\n\t\t\t\t\t<div class=\"e-con-inner\">\n\t\t<div class=\"elementor-element elementor-element-ddd51ed e-con-full e-flex e-con e-child\" data-id=\"ddd51ed\" data-element_type=\"container\" data-e-type=\"container\">\n\t\t\t\t<div class=\"elementor-element elementor-element-9ff2601 elementor-align-center elementor-widget elementor-widget-button\" data-id=\"9ff2601\" data-element_type=\"widget\" data-e-type=\"widget\" data-widget_type=\"button.default\">\n\t\t\t\t<div class=\"elementor-widget-container\">\n\t\t\t\t\t\t\t\t\t<div class=\"elementor-button-wrapper\">\n\t\t\t\t\t<a class=\"elementor-button elementor-button-link elementor-size-sm\" href=\"https:\/\/loca-ski.com\/es\/avisos-legales-y-rgpd-2\/\">\n\t\t\t\t\t\t<span class=\"elementor-button-content-wrapper\">\n\t\t\t\t\t\t\t\t\t<span class=\"elementor-button-text\">Consultar el aviso legal y la RGPD.<\/span>\n\t\t\t\t\t<\/span>\n\t\t\t\t\t<\/a>\n\t\t\t\t<\/div>\n\t\t\t\t\t\t\t\t<\/div>\n\t\t\t\t<\/div>\n\t\t\t\t<\/div>\n\t\t\t\t\t<\/div>\n\t\t\t\t<\/div>\n\t\t\t\t<\/div>\n\t\t","protected":false},"excerpt":{"rendered":"<p>CONDICIONES GENERALES DE ALQUILER V\u00e1lido a partir del 2 de octubre de 2024 La SASU Loca-Ski, inscrita en el RCS de Pau con el n\u00famero B 883 589 301 y con domicilio social en R\u00e9sidence Pescamou 64570 ARETTE, ofrece el alquiler de material deportivo de tabla y material asociado a trav\u00e9s de su sitio web [&hellip;]<\/p>\n","protected":false},"author":1,"featured_media":0,"parent":0,"menu_order":0,"comment_status":"closed","ping_status":"closed","template":"elementor_header_footer","meta":{"_acf_changed":false,"slim_seo":{"description":"Las presentes condiciones generales de alquiler rigen el alquiler por parte de Loca-Ski de material de esqu\u00ed o snowboard al Cliente, a trav\u00e9s del sitio web.","title":"Condiciones generales de alquiler - Loca-ski La Pierre Saint Martin"},"footnotes":""},"class_list":["post-10446","page","type-page","status-publish","hentry"],"acf":[],"_links":{"self":[{"href":"https:\/\/loca-ski.com\/es\/wp-json\/wp\/v2\/pages\/10446","targetHints":{"allow":["GET"]}}],"collection":[{"href":"https:\/\/loca-ski.com\/es\/wp-json\/wp\/v2\/pages"}],"about":[{"href":"https:\/\/loca-ski.com\/es\/wp-json\/wp\/v2\/types\/page"}],"author":[{"embeddable":true,"href":"https:\/\/loca-ski.com\/es\/wp-json\/wp\/v2\/users\/1"}],"replies":[{"embeddable":true,"href":"https:\/\/loca-ski.com\/es\/wp-json\/wp\/v2\/comments?post=10446"}],"version-history":[{"count":2,"href":"https:\/\/loca-ski.com\/es\/wp-json\/wp\/v2\/pages\/10446\/revisions"}],"predecessor-version":[{"id":13050,"href":"https:\/\/loca-ski.com\/es\/wp-json\/wp\/v2\/pages\/10446\/revisions\/13050"}],"wp:attachment":[{"href":"https:\/\/loca-ski.com\/es\/wp-json\/wp\/v2\/media?parent=10446"}],"curies":[{"name":"wp","href":"https:\/\/api.w.org\/{rel}","templated":true}]}}