{"id":10477,"date":"2021-12-04T18:45:19","date_gmt":"2021-12-04T16:45:19","guid":{"rendered":"https:\/\/loca-ski.com\/?page_id=10477"},"modified":"2024-11-12T10:39:57","modified_gmt":"2024-11-12T08:39:57","slug":"cesta","status":"publish","type":"page","link":"https:\/\/loca-ski.com\/es\/cesta\/","title":{"rendered":"Cesta"},"content":{"rendered":"\t\t<div data-elementor-type=\"wp-page\" data-elementor-id=\"10477\" class=\"elementor elementor-10477 elementor-3907\" data-elementor-post-type=\"page\">\n\t\t\t\t<div class=\"elementor-element elementor-element-616a415 e-flex e-con-boxed e-con e-parent\" data-id=\"616a415\" data-element_type=\"container\" data-e-type=\"container\">\n\t\t\t\t\t<div class=\"e-con-inner\">\n\t\t<div class=\"elementor-element elementor-element-1f6ceac e-con-full e-flex e-con e-child\" data-id=\"1f6ceac\" data-element_type=\"container\" data-e-type=\"container\">\n\t\t\t\t<div class=\"elementor-element elementor-element-298b0bb elementor-widget elementor-widget-text-editor\" data-id=\"298b0bb\" data-element_type=\"widget\" data-e-type=\"widget\" data-widget_type=\"text-editor.default\">\n\t\t\t\t<div class=\"elementor-widget-container\">\n\t\t\t\t\t\t\t\t\t<p>ALQUILER DE VARIOS ART\u00cdCULOS ID\u00c9NTICOS PARA VARIOS ESQUIADORES <br \/>1 art\u00edculo = 1 esquiador. Si desea alquilar el mismo pack en las mismas fechas, deber\u00e1 seleccionar el pack dos veces para introducir la informaci\u00f3n (peso, altura, talla de calzado) de cada esquiador y no el pack x 2. Gracias.<\/p>\n\t\t\t\t\t\t\t\t<\/div>\n\t\t\t\t<\/div>\n\t\t\t\t<\/div>\n\t\t\t\t\t<\/div>\n\t\t\t\t<\/div>\n\t\t<div class=\"elementor-element elementor-element-6710c0c e-flex e-con-boxed e-con e-parent\" data-id=\"6710c0c\" data-element_type=\"container\" data-e-type=\"container\">\n\t\t\t\t\t<div class=\"e-con-inner\">\n\t\t<div class=\"elementor-element elementor-element-0172723 e-con-full e-flex e-con e-child\" data-id=\"0172723\" data-element_type=\"container\" data-e-type=\"container\">\n\t\t\t\t<div class=\"elementor-element elementor-element-8ee9560 elementor-widget elementor-widget-text-editor\" data-id=\"8ee9560\" data-element_type=\"widget\" data-e-type=\"widget\" data-widget_type=\"text-editor.default\">\n\t\t\t\t<div class=\"elementor-widget-container\">\n\t\t\t\t\t\t\t\t\t\n\t\t\t\t\t\t\t\t<\/div>\n\t\t\t\t<\/div>\n\t\t\t\t<\/div>\n\t\t\t\t\t<\/div>\n\t\t\t\t<\/div>\n\t\t\t\t<section class=\"elementor-section elementor-top-section elementor-element elementor-element-687ed5c elementor-section-boxed elementor-section-height-default elementor-section-height-default\" data-id=\"687ed5c\" data-element_type=\"section\" data-e-type=\"section\">\n\t\t\t\t\t\t<div class=\"elementor-container elementor-column-gap-default\">\n\t\t\t\t\t<div class=\"elementor-column elementor-col-100 elementor-top-column elementor-element elementor-element-61354fc\" data-id=\"61354fc\" data-element_type=\"column\" data-e-type=\"column\">\n\t\t\t<div class=\"elementor-widget-wrap elementor-element-populated\">\n\t\t\t\t\t\t<div class=\"elementor-element elementor-element-e18c1a4 elementor-alert-warning elementor-widget elementor-widget-alert\" data-id=\"e18c1a4\" data-element_type=\"widget\" data-e-type=\"widget\" data-widget_type=\"alert.default\">\n\t\t\t\t<div class=\"elementor-widget-container\">\n\t\t\t\t\t\t\t<div class=\"elementor-alert\" role=\"alert\">\n\n\t\t\t\t\t\t<span class=\"elementor-alert-title\">RESERVA CON MENOS DE 24H DE ANTELACI\u00d3N<\/span>\n\t\t\t\n\t\t\t\t\t\t<span class=\"elementor-alert-description\"><p>Para una reserva en l\u00ednea el d\u00eda antes de su llegada, tenga en cuenta que los pedidos recibidos despu\u00e9s de las 5:00 p. m. se pagar\u00e1n por adelantado pero NO se preparar\u00e1n. <\/p>\n<\/span>\n\t\t\t\n\t\t\t\t\t\t<button type=\"button\" class=\"elementor-alert-dismiss\" aria-label=\"Descartar esta alerta.\">\n\t\t\t\t\t\t\t\t\t<span aria-hidden=\"true\">&times;<\/span>\n\t\t\t\t\t\t\t<\/button>\n\t\t\t\n\t\t<\/div>\n\t\t\t\t\t\t<\/div>\n\t\t\t\t<\/div>\n\t\t\t\t\t<\/div>\n\t\t<\/div>\n\t\t\t\t\t<\/div>\n\t\t<\/section>\n\t\t\t\t<\/div>\n\t\t","protected":false},"excerpt":{"rendered":"<p>ALQUILER DE VARIOS ART\u00cdCULOS ID\u00c9NTICOS PARA VARIOS ESQUIADORES 1 art\u00edculo = 1 esquiador. Si desea alquilar el mismo pack en las mismas fechas, deber\u00e1 seleccionar el pack dos veces para introducir la informaci\u00f3n (peso, altura, talla de calzado) de cada esquiador y no el pack x 2. Gracias. RESERVA CON MENOS DE 24H DE ANTELACI\u00d3N [&hellip;]<\/p>\n","protected":false},"author":1,"featured_media":0,"parent":0,"menu_order":0,"comment_status":"closed","ping_status":"closed","template":"","meta":{"_acf_changed":false,"slim_seo":{"title":"Cesta - Loca-ski La Pierre Saint Martin","description":""},"footnotes":""},"class_list":["post-10477","page","type-page","status-publish","hentry"],"acf":[],"_links":{"self":[{"href":"https:\/\/loca-ski.com\/es\/wp-json\/wp\/v2\/pages\/10477","targetHints":{"allow":["GET"]}}],"collection":[{"href":"https:\/\/loca-ski.com\/es\/wp-json\/wp\/v2\/pages"}],"about":[{"href":"https:\/\/loca-ski.com\/es\/wp-json\/wp\/v2\/types\/page"}],"author":[{"embeddable":true,"href":"https:\/\/loca-ski.com\/es\/wp-json\/wp\/v2\/users\/1"}],"replies":[{"embeddable":true,"href":"https:\/\/loca-ski.com\/es\/wp-json\/wp\/v2\/comments?post=10477"}],"version-history":[{"count":0,"href":"https:\/\/loca-ski.com\/es\/wp-json\/wp\/v2\/pages\/10477\/revisions"}],"wp:attachment":[{"href":"https:\/\/loca-ski.com\/es\/wp-json\/wp\/v2\/media?parent=10477"}],"curies":[{"name":"wp","href":"https:\/\/api.w.org\/{rel}","templated":true}]}}