{"id":10320,"date":"2024-10-02T11:09:24","date_gmt":"2024-10-02T11:09:24","guid":{"rendered":"https:\/\/loca-ski.com\/location-en-ligne-skis-snowboards-raquettes-luges\/sin%20categor\u00eda\/tarjetas-regalo-electronicas\/"},"modified":"2025-01-28T11:00:41","modified_gmt":"2025-01-28T09:00:41","slug":"tarjetas-regalo-electronicas","status":"publish","type":"product","link":"https:\/\/loca-ski.com\/es\/alquiler-en-linea\/tarjeta-regalo\/tarjetas-regalo-electronicas\/","title":{"rendered":"Tarjeta regalo electr\u00f3nica importe libre"},"content":{"rendered":"<p><strong>Tarjeta regalo electr\u00f3nica Loca Ski &#8211; Importe libre<\/strong><\/p>\n<p>\u00a1Regala diversi\u00f3n en la monta\u00f1a con una tarjeta regalo electr\u00f3nica Loca Ski! Ya sea para alquilar esqu\u00eds, tablas de snowboard, raquetas de nieve o trineos, esta tarjeta regalo ayudar\u00e1 a tus seres queridos a elegir el equipo perfecto para un d\u00eda de excursi\u00f3n o unas vacaciones en La Pierre Saint-Martin. Tambi\u00e9n se puede utilizar para comprar art\u00edculos en la tienda.  <\/p>\n<p><strong>Detalles de la tarjeta regalo :<\/strong><\/p>\n<ul>\n<li><strong>Formato:<\/strong> Tarjeta regalo electr\u00f3nica enviada por correo electr\u00f3nico en formato PDF<\/li>\n<li><strong>Env\u00edo:<\/strong> La tarjeta regalo se env\u00eda a la direcci\u00f3n de correo electr\u00f3nico indicada en la secci\u00f3n \u00abpara\u00bb. Si quieres recibirla para poder imprimirla y regal\u00e1rsela a otra persona, introduce tu propia direcci\u00f3n de correo electr\u00f3nico. <\/li>\n<li><strong>V\u00e1lido para:<\/strong> todo el cat\u00e1logo de alquiler (esqu\u00eds, tablas de snowboard, raquetas de nieve, trineos) y los art\u00edculos a la venta en la tienda La Pierre Saint-Martin.<\/li>\n<li><strong>Periodo de validez:<\/strong> 12 meses a partir de la fecha de compra<\/li>\n<li><strong>Puede utilizarse<\/strong> en uno o varios plazos, en l\u00ednea o en la tienda<\/li>\n<li><strong>Condiciones de uso:<\/strong> Para utilizar la tarjeta, debes presentar el PDF o facilitar el n\u00famero de la tarjeta regalo. V\u00e1lida \u00fanicamente en nuestra tienda La Pierre Saint-Martin o en nuestro sitio web para alquileres en l\u00ednea. <\/li>\n<\/ul>\n<p><strong>\u00bfPor qu\u00e9 elegir la tarjeta regalo Loca Ski?<\/strong><\/p>\n<ul>\n<li>Flexibilidad total para elegir la cantidad a ofrecer<\/li>\n<li>Reserva online f\u00e1cil y r\u00e1pida<\/li>\n<li>\u00a1El regalo perfecto para todos los aficionados a los deportes de invierno!<\/li>\n<\/ul>\n","protected":false},"excerpt":{"rendered":"<p>\u00a1<strong>Regala libertad de elecci\u00f3n con una tarjeta regalo Loca Ski<\/strong>! V\u00e1lida para todo nuestro cat\u00e1logo de esqu\u00eds, snowboards, raquetas de nieve y mucho m\u00e1s.<br \/>\nElige el importe y deja que tus seres queridos descubran los placeres de la monta\u00f1a. <\/p>\n","protected":false},"featured_media":13039,"comment_status":"closed","ping_status":"closed","template":"","meta":{"_acf_changed":false,"slim_seo":{"title":"Tarjeta regalo electr\u00f3nica importe libre - Loca-ski La Pierre Saint Martin","description":"\u00a1 Regala libertad de elecci\u00f3n con una tarjeta regalo Loca Ski ! V\u00e1lida para todo nuestro cat\u00e1logo de esqu\u00eds, snowboards, raquetas de nieve y mucho m\u00e1s. Elige el"}},"product_brand":[],"product_cat":[591],"product_tag":[],"class_list":{"0":"post-10320","1":"product","2":"type-product","3":"status-publish","4":"has-post-thumbnail","6":"product_cat-tarjeta-regalo","8":"first","9":"instock","10":"purchasable","11":"product-type-pw-gift-card","12":"has-default-attributes"},"acf":[],"_links":{"self":[{"href":"https:\/\/loca-ski.com\/es\/wp-json\/wp\/v2\/product\/10320","targetHints":{"allow":["GET"]}}],"collection":[{"href":"https:\/\/loca-ski.com\/es\/wp-json\/wp\/v2\/product"}],"about":[{"href":"https:\/\/loca-ski.com\/es\/wp-json\/wp\/v2\/types\/product"}],"replies":[{"embeddable":true,"href":"https:\/\/loca-ski.com\/es\/wp-json\/wp\/v2\/comments?post=10320"}],"version-history":[{"count":0,"href":"https:\/\/loca-ski.com\/es\/wp-json\/wp\/v2\/product\/10320\/revisions"}],"wp:featuredmedia":[{"embeddable":true,"href":"https:\/\/loca-ski.com\/es\/wp-json\/wp\/v2\/media\/13039"}],"wp:attachment":[{"href":"https:\/\/loca-ski.com\/es\/wp-json\/wp\/v2\/media?parent=10320"}],"wp:term":[{"taxonomy":"product_brand","embeddable":true,"href":"https:\/\/loca-ski.com\/es\/wp-json\/wp\/v2\/product_brand?post=10320"},{"taxonomy":"product_cat","embeddable":true,"href":"https:\/\/loca-ski.com\/es\/wp-json\/wp\/v2\/product_cat?post=10320"},{"taxonomy":"product_tag","embeddable":true,"href":"https:\/\/loca-ski.com\/es\/wp-json\/wp\/v2\/product_tag?post=10320"}],"curies":[{"name":"wp","href":"https:\/\/api.w.org\/{rel}","templated":true}]}}