{"id":10328,"date":"2024-10-03T09:30:02","date_gmt":"2024-10-03T07:30:02","guid":{"rendered":"https:\/\/loca-ski.com\/location-en-ligne-skis-snowboards-raquettes-luges\/sin%20categor\u00eda\/paquete-semanal-de-esqui-azul\/"},"modified":"2024-12-30T19:37:23","modified_gmt":"2024-12-30T17:37:23","slug":"paquete-semanal-de-esqui-azul","status":"publish","type":"product","link":"https:\/\/loca-ski.com\/es\/alquiler-en-linea\/esqui\/paquetes-de-esqui-es\/paquete-semanal-de-esqui-azul\/","title":{"rendered":"Paquete semanal de esqu\u00ed azul"},"content":{"rendered":"<h2>Equipo completo Pack esqu\u00ed azul = esqu\u00eds + botas esqu\u00ed + bastones.<\/h2>\n<p>Equipo completo esqu\u00ed para principiantes Equipo pr\u00e1ctico y asegurador.<\/p>\n<p>Un esqu\u00ed dise\u00f1ado para principiantes, f\u00e1cil de girar manteniendo el agarre en pendientes duras.<\/p>\n<p>Un buen esqu\u00ed para descubrir los placeres del esqu\u00ed.<\/p>\n<p>foto no contractual<\/p>\n","protected":false},"excerpt":{"rendered":"<p>Equipo completo Pack esqu\u00ed azul = esqu\u00eds + botas esqu\u00ed + bastones. Equipo completo esqu\u00ed para principiantes Equipo pr\u00e1ctico y asegurador. Un esqu\u00ed dise\u00f1ado para principiantes, f\u00e1cil de girar manteniendo el agarre en pendientes duras. Un buen esqu\u00ed para descubrir los placeres del esqu\u00ed. foto no contractual<\/p>\n","protected":false},"featured_media":10215,"comment_status":"open","ping_status":"closed","template":"","meta":{"_acf_changed":false,"slim_seo":{"title":"Paquete semanal de esqu\u00ed azul - Loca-ski La Pierre Saint Martin","description":"Equipo completo Pack esqu\u00ed azul = esqu\u00eds + botas esqu\u00ed + bastones. Equipo completo esqu\u00ed para principiantes Equipo pr\u00e1ctico y asegurador. Un esqu\u00ed dise\u00f1ado para"}},"product_brand":[],"product_cat":[610,607,595],"product_tag":[],"class_list":{"0":"post-10328","1":"product","2":"type-product","3":"status-publish","4":"has-post-thumbnail","6":"product_cat-esqui","7":"product_cat-paquete-semanal","8":"product_cat-paquetes-de-esqui-es","9":"wcpa_has_options","11":"first","12":"instock","13":"sale","14":"taxable","15":"shipping-taxable","16":"purchasable","17":"product-type-simple"},"acf":[],"_links":{"self":[{"href":"https:\/\/loca-ski.com\/es\/wp-json\/wp\/v2\/product\/10328","targetHints":{"allow":["GET"]}}],"collection":[{"href":"https:\/\/loca-ski.com\/es\/wp-json\/wp\/v2\/product"}],"about":[{"href":"https:\/\/loca-ski.com\/es\/wp-json\/wp\/v2\/types\/product"}],"replies":[{"embeddable":true,"href":"https:\/\/loca-ski.com\/es\/wp-json\/wp\/v2\/comments?post=10328"}],"version-history":[{"count":0,"href":"https:\/\/loca-ski.com\/es\/wp-json\/wp\/v2\/product\/10328\/revisions"}],"wp:featuredmedia":[{"embeddable":true,"href":"https:\/\/loca-ski.com\/es\/wp-json\/wp\/v2\/media\/10215"}],"wp:attachment":[{"href":"https:\/\/loca-ski.com\/es\/wp-json\/wp\/v2\/media?parent=10328"}],"wp:term":[{"taxonomy":"product_brand","embeddable":true,"href":"https:\/\/loca-ski.com\/es\/wp-json\/wp\/v2\/product_brand?post=10328"},{"taxonomy":"product_cat","embeddable":true,"href":"https:\/\/loca-ski.com\/es\/wp-json\/wp\/v2\/product_cat?post=10328"},{"taxonomy":"product_tag","embeddable":true,"href":"https:\/\/loca-ski.com\/es\/wp-json\/wp\/v2\/product_tag?post=10328"}],"curies":[{"name":"wp","href":"https:\/\/api.w.org\/{rel}","templated":true}]}}