{"id":11113,"date":"2022-01-25T13:38:33","date_gmt":"2022-01-25T11:38:33","guid":{"rendered":"https:\/\/loca-ski.com\/location-en-ligne\/sin%20categor\u00eda\/esquis-junior\/"},"modified":"2025-01-28T11:02:34","modified_gmt":"2025-01-28T09:02:34","slug":"esquis-junior","status":"publish","type":"product","link":"https:\/\/loca-ski.com\/es\/alquiler-en-linea\/esqui\/esquis-solos\/esquis-junior\/","title":{"rendered":"Esqu\u00eds junior"},"content":{"rendered":"<p>Nuestros esqu\u00eds son adecuados (hasta 150 cm) para un ni\u00f1o peque\u00f1o que est\u00e1 descubriendo la nieve y el esqu\u00ed.<\/p>\n<p>Aprende a mantener el equilibrio, a deslizarse y a desplegarse con los esqu\u00eds en los pies.<\/p>\n<p>Esqu\u00eds ideales para el aprendizaje de las primeras t\u00e9cnicas de esqu\u00ed de tu hijo. Este esqu\u00ed ayudar\u00e1 a tu hijo a ganar confianza en la nieve. <\/p>\n","protected":false},"excerpt":{"rendered":"<p>Nuestros esqu\u00eds son adecuados (hasta 150 cm) para un ni\u00f1o peque\u00f1o que est\u00e1 descubriendo la nieve y el esqu\u00ed. Aprende a mantener el equilibrio, a deslizarse y a desplegarse con los esqu\u00eds en los pies. Esqu\u00eds ideales para el aprendizaje de las primeras t\u00e9cnicas de esqu\u00ed de tu hijo. Este esqu\u00ed ayudar\u00e1 a tu hijo [&hellip;]<\/p>\n","protected":false},"featured_media":10765,"comment_status":"open","ping_status":"closed","template":"","meta":{"_acf_changed":false,"slim_seo":{"title":"Esqu\u00eds junior - Loca-ski La Pierre Saint Martin","description":"Nuestros esqu\u00eds son adecuados (hasta 150 cm) para un ni\u00f1o peque\u00f1o que est\u00e1 descubriendo la nieve y el esqu\u00ed. Aprende a mantener el equilibrio, a deslizarse y a"}},"product_brand":[],"product_cat":[610,619],"product_tag":[690],"class_list":{"0":"post-11113","1":"product","2":"type-product","3":"status-publish","4":"has-post-thumbnail","6":"product_cat-esqui","7":"product_cat-esquis-solos","8":"product_tag-junior-es","9":"wcpa_has_options","11":"first","12":"instock","13":"taxable","14":"shipping-taxable","15":"purchasable","16":"product-type-simple"},"acf":[],"_links":{"self":[{"href":"https:\/\/loca-ski.com\/es\/wp-json\/wp\/v2\/product\/11113","targetHints":{"allow":["GET"]}}],"collection":[{"href":"https:\/\/loca-ski.com\/es\/wp-json\/wp\/v2\/product"}],"about":[{"href":"https:\/\/loca-ski.com\/es\/wp-json\/wp\/v2\/types\/product"}],"replies":[{"embeddable":true,"href":"https:\/\/loca-ski.com\/es\/wp-json\/wp\/v2\/comments?post=11113"}],"version-history":[{"count":0,"href":"https:\/\/loca-ski.com\/es\/wp-json\/wp\/v2\/product\/11113\/revisions"}],"wp:featuredmedia":[{"embeddable":true,"href":"https:\/\/loca-ski.com\/es\/wp-json\/wp\/v2\/media\/10765"}],"wp:attachment":[{"href":"https:\/\/loca-ski.com\/es\/wp-json\/wp\/v2\/media?parent=11113"}],"wp:term":[{"taxonomy":"product_brand","embeddable":true,"href":"https:\/\/loca-ski.com\/es\/wp-json\/wp\/v2\/product_brand?post=11113"},{"taxonomy":"product_cat","embeddable":true,"href":"https:\/\/loca-ski.com\/es\/wp-json\/wp\/v2\/product_cat?post=11113"},{"taxonomy":"product_tag","embeddable":true,"href":"https:\/\/loca-ski.com\/es\/wp-json\/wp\/v2\/product_tag?post=11113"}],"curies":[{"name":"wp","href":"https:\/\/api.w.org\/{rel}","templated":true}]}}