{"id":11738,"date":"2024-12-12T17:23:06","date_gmt":"2024-12-12T15:23:06","guid":{"rendered":"https:\/\/loca-ski.com\/?post_type=product&#038;p=11738"},"modified":"2025-01-27T12:25:09","modified_gmt":"2025-01-27T10:25:09","slug":"tarjeta-regalo-electronica-100","status":"publish","type":"product","link":"https:\/\/loca-ski.com\/es\/alquiler-en-linea\/tarjeta-regalo\/tarjeta-regalo-electronica-100\/","title":{"rendered":"Tarjeta regalo de 100\u20ac"},"content":{"rendered":"\r\n<h1><strong>Offrez une Carte cadeau 100\u20ac<\/strong><\/h1>\r\n<p>Con esta tarjeta regalo de 100 euros de Loca-Ski, \u00a1date la libertad de elegir el equipo ideal para una aventura invernal inolvidable! Con esqu\u00eds, tablas de snowboard, raquetas de nieve y accesorios para la tienda, esta tarjeta es la forma perfecta de pasar un tiempo excepcional en La Pierre Saint-Martin. \u00a1Es el regalo perfecto para los aficionados a los deportes de invierno!<\/p>\r\n<h2><strong>Detalles de la tarjeta regalo de 100 euros:<\/strong><\/h2>\r\n<ul>\r\n<li><strong>Format :<\/strong> Carte cadeau disponible en boutique<\/li>\r\n<li><strong>Valable sur :<\/strong> toutes les locations de mat\u00e9riel et les articles en boutique<\/li>\r\n<li><strong>Dur\u00e9e de validit\u00e9 :<\/strong> 12 mois \u00e0 compter de la date d\u2019achat<\/li>\r\n<li><strong>Utilisable :<\/strong> en une ou plusieurs fois, en ligne ou en magasin<\/li>\r\n<li><strong>Conditions d\u2019utilisation :<\/strong> Pour utiliser la carte, il est imp\u00e9ratif de pr\u00e9senter la carte avec le num\u00e9ro unique de la carte cadeau. Valable uniquement dans notre magasin de La Pierre Saint-Martin ou en ligne pour des locations.<\/li>\r\n<\/ul>\r\n\r\n<p><!-- \/wp:post-content --><\/p>","protected":false},"excerpt":{"rendered":"<p>Offrez une Carte cadeau 100\u20ac Con esta tarjeta regalo de 100 euros de Loca-Ski, \u00a1date la libertad de elegir el equipo ideal para una aventura invernal inolvidable! Con esqu\u00eds, tablas de snowboard, raquetas de nieve y accesorios para la tienda, esta tarjeta es la forma perfecta de pasar un tiempo excepcional en La Pierre Saint-Martin. [&hellip;]<\/p>\n","protected":false},"featured_media":11626,"comment_status":"closed","ping_status":"closed","template":"","meta":{"_acf_changed":false,"slim_seo":{"title":"Tarjeta regalo de 100\u20ac - Loca-ski La Pierre Saint Martin","description":"Offrez une Carte cadeau 100\u20ac Con esta tarjeta regalo de 100 euros de Loca-Ski, \u00a1date la libertad de elegir el equipo ideal para una aventura invernal inolvidabl"}},"product_brand":[],"product_cat":[591],"product_tag":[],"class_list":{"0":"post-11738","1":"product","2":"type-product","3":"status-publish","4":"has-post-thumbnail","6":"product_cat-tarjeta-regalo","8":"first","9":"instock","10":"taxable","11":"shipping-taxable","12":"purchasable","13":"product-type-pw-gift-card","14":"has-default-attributes"},"acf":[],"_links":{"self":[{"href":"https:\/\/loca-ski.com\/es\/wp-json\/wp\/v2\/product\/11738","targetHints":{"allow":["GET"]}}],"collection":[{"href":"https:\/\/loca-ski.com\/es\/wp-json\/wp\/v2\/product"}],"about":[{"href":"https:\/\/loca-ski.com\/es\/wp-json\/wp\/v2\/types\/product"}],"replies":[{"embeddable":true,"href":"https:\/\/loca-ski.com\/es\/wp-json\/wp\/v2\/comments?post=11738"}],"version-history":[{"count":0,"href":"https:\/\/loca-ski.com\/es\/wp-json\/wp\/v2\/product\/11738\/revisions"}],"wp:featuredmedia":[{"embeddable":true,"href":"https:\/\/loca-ski.com\/es\/wp-json\/wp\/v2\/media\/11626"}],"wp:attachment":[{"href":"https:\/\/loca-ski.com\/es\/wp-json\/wp\/v2\/media?parent=11738"}],"wp:term":[{"taxonomy":"product_brand","embeddable":true,"href":"https:\/\/loca-ski.com\/es\/wp-json\/wp\/v2\/product_brand?post=11738"},{"taxonomy":"product_cat","embeddable":true,"href":"https:\/\/loca-ski.com\/es\/wp-json\/wp\/v2\/product_cat?post=11738"},{"taxonomy":"product_tag","embeddable":true,"href":"https:\/\/loca-ski.com\/es\/wp-json\/wp\/v2\/product_tag?post=11738"}],"curies":[{"name":"wp","href":"https:\/\/api.w.org\/{rel}","templated":true}]}}