{"id":11996,"date":"2021-12-04T18:53:10","date_gmt":"2021-12-04T16:53:10","guid":{"rendered":"https:\/\/loca-ski.com\/location-en-ligne\/sin categor\u00eda\/botas-de-esqui-pitchoun\/"},"modified":"2021-12-04T18:53:10","modified_gmt":"2021-12-04T16:53:10","slug":"botas-de-esqui-pitchoun","status":"publish","type":"product","link":"https:\/\/loca-ski.com\/es\/alquiler-en-linea\/botas\/botas-de-esqui-pitchoun\/","title":{"rendered":"botas de esqu\u00ed Pitchoun"},"content":{"rendered":"<p>Las botas <strong data-redactor-tag=\"strong\">My First lange<\/strong> <strong data-redactor-tag=\"strong\">son unas botas de esqu\u00ed<\/strong> f\u00e1ciles de poner y cerrar con un solo gancho para Pitchouns que se inician en el esqu\u00ed. Equipado con zapatillas c\u00e1lidas y c\u00f3modas.<\/p>\n<p>Este calzado ofrece un Flex adaptado a la morfolog\u00eda de tu hijo.<\/p>\n","protected":false},"excerpt":{"rendered":"<p>Las botas My First lange son unas botas de esqu\u00ed f\u00e1ciles de poner y cerrar con un solo gancho para Pitchouns que se inician en el esqu\u00ed. Equipado con zapatillas c\u00e1lidas y c\u00f3modas. Este calzado ofrece un Flex adaptado a la morfolog\u00eda de tu hijo.<\/p>\n","protected":false},"featured_media":10995,"comment_status":"open","ping_status":"closed","template":"","meta":{"_acf_changed":false,"slim_seo":{"title":"botas de esqu\u00ed Pitchoun - Loca-ski La Pierre Saint Martin","description":"Las botas My First lange son unas botas de esqu\u00ed f\u00e1ciles de poner y cerrar con un solo gancho para Pitchouns que se inician en el esqu\u00ed. Equipado con zapatillas"}},"product_brand":[],"product_cat":[514],"product_tag":[],"class_list":{"0":"post-11996","1":"product","2":"type-product","3":"status-publish","4":"has-post-thumbnail","6":"product_cat-botas","7":"wcpa_has_options","9":"first","10":"instock","11":"taxable","12":"shipping-taxable","13":"purchasable","14":"product-type-simple"},"acf":[],"_links":{"self":[{"href":"https:\/\/loca-ski.com\/es\/wp-json\/wp\/v2\/product\/11996","targetHints":{"allow":["GET"]}}],"collection":[{"href":"https:\/\/loca-ski.com\/es\/wp-json\/wp\/v2\/product"}],"about":[{"href":"https:\/\/loca-ski.com\/es\/wp-json\/wp\/v2\/types\/product"}],"replies":[{"embeddable":true,"href":"https:\/\/loca-ski.com\/es\/wp-json\/wp\/v2\/comments?post=11996"}],"version-history":[{"count":0,"href":"https:\/\/loca-ski.com\/es\/wp-json\/wp\/v2\/product\/11996\/revisions"}],"wp:featuredmedia":[{"embeddable":true,"href":"https:\/\/loca-ski.com\/es\/wp-json\/wp\/v2\/media\/10995"}],"wp:attachment":[{"href":"https:\/\/loca-ski.com\/es\/wp-json\/wp\/v2\/media?parent=11996"}],"wp:term":[{"taxonomy":"product_brand","embeddable":true,"href":"https:\/\/loca-ski.com\/es\/wp-json\/wp\/v2\/product_brand?post=11996"},{"taxonomy":"product_cat","embeddable":true,"href":"https:\/\/loca-ski.com\/es\/wp-json\/wp\/v2\/product_cat?post=11996"},{"taxonomy":"product_tag","embeddable":true,"href":"https:\/\/loca-ski.com\/es\/wp-json\/wp\/v2\/product_tag?post=11996"}],"curies":[{"name":"wp","href":"https:\/\/api.w.org\/{rel}","templated":true}]}}