{"id":12249,"date":"2021-12-04T18:53:10","date_gmt":"2021-12-04T16:53:10","guid":{"rendered":"https:\/\/loca-ski.com\/?post_type=product&#038;p=12249"},"modified":"2025-01-28T10:42:29","modified_gmt":"2025-01-28T08:42:29","slug":"esquis-negros-2","status":"publish","type":"product","link":"https:\/\/loca-ski.com\/es\/alquiler-en-linea\/esqui\/esquis-solos\/esquis-negros-2\/","title":{"rendered":"Esqu\u00eds negros"},"content":{"rendered":"<h2>Esqu\u00eds negros = solo esqu\u00eds*<\/h2>\n<p>Verdaderos compa\u00f1eros de esqu\u00ed para disfrutar de toda la estaci\u00f3n con confianza y sin cansar demasiado las piernas.<\/p>\n<p>*Para alquilar el equipo completo, consulta nuestros packs.<\/p>\n<p>Foto no contractual.<\/p>\n","protected":false},"excerpt":{"rendered":"<p>Esqu\u00eds negros = solo esqu\u00eds* Verdaderos compa\u00f1eros de esqu\u00ed para disfrutar de toda la estaci\u00f3n con confianza y sin cansar demasiado las piernas. *Para alquilar el equipo completo, consulta nuestros packs. Foto no contractual.<\/p>\n","protected":false},"featured_media":10802,"comment_status":"open","ping_status":"closed","template":"","meta":{"_acf_changed":false,"slim_seo":{"title":"Esqu\u00eds negros - Loca-ski La Pierre Saint Martin","description":"Esqu\u00eds negros = solo esqu\u00eds* Verdaderos compa\u00f1eros de esqu\u00ed para disfrutar de toda la estaci\u00f3n con confianza y sin cansar demasiado las piernas. *Para alquilar"}},"product_brand":[],"product_cat":[610,619],"product_tag":[],"class_list":{"0":"post-12249","1":"product","2":"type-product","3":"status-publish","4":"has-post-thumbnail","6":"product_cat-esqui","7":"product_cat-esquis-solos","8":"wcpa_has_options","10":"first","11":"instock","12":"taxable","13":"shipping-taxable","14":"purchasable","15":"product-type-simple"},"acf":[],"_links":{"self":[{"href":"https:\/\/loca-ski.com\/es\/wp-json\/wp\/v2\/product\/12249","targetHints":{"allow":["GET"]}}],"collection":[{"href":"https:\/\/loca-ski.com\/es\/wp-json\/wp\/v2\/product"}],"about":[{"href":"https:\/\/loca-ski.com\/es\/wp-json\/wp\/v2\/types\/product"}],"replies":[{"embeddable":true,"href":"https:\/\/loca-ski.com\/es\/wp-json\/wp\/v2\/comments?post=12249"}],"version-history":[{"count":0,"href":"https:\/\/loca-ski.com\/es\/wp-json\/wp\/v2\/product\/12249\/revisions"}],"wp:featuredmedia":[{"embeddable":true,"href":"https:\/\/loca-ski.com\/es\/wp-json\/wp\/v2\/media\/10802"}],"wp:attachment":[{"href":"https:\/\/loca-ski.com\/es\/wp-json\/wp\/v2\/media?parent=12249"}],"wp:term":[{"taxonomy":"product_brand","embeddable":true,"href":"https:\/\/loca-ski.com\/es\/wp-json\/wp\/v2\/product_brand?post=12249"},{"taxonomy":"product_cat","embeddable":true,"href":"https:\/\/loca-ski.com\/es\/wp-json\/wp\/v2\/product_cat?post=12249"},{"taxonomy":"product_tag","embeddable":true,"href":"https:\/\/loca-ski.com\/es\/wp-json\/wp\/v2\/product_tag?post=12249"}],"curies":[{"name":"wp","href":"https:\/\/api.w.org\/{rel}","templated":true}]}}