{"id":12334,"date":"2021-12-04T18:53:11","date_gmt":"2021-12-04T16:53:11","guid":{"rendered":"https:\/\/loca-ski.com\/?post_type=product&#038;p=12334"},"modified":"2025-01-29T09:47:05","modified_gmt":"2025-01-29T07:47:05","slug":"raquetas-nieve-con-bastones","status":"publish","type":"product","link":"https:\/\/loca-ski.com\/es\/alquiler-en-linea\/raquetas-nieve\/raquetas-nieve-con-bastones\/","title":{"rendered":"Raquetas nieve con bastones"},"content":{"rendered":"<p>Alquila tus raquetas de nieve y bastones con Loca-Ski y descubre el placer de los paseos con raquetas.<\/p>\n<p>Ideal para los amantes de las caminatas en paisajes nevados, para disfrutar sin necesidad de deslizarse.<\/p>\n<p>El espacio n\u00f3rdico de la estaci\u00f3n de La Pierre Saint Martin ofrece kil\u00f3metros de senderos se\u00f1alizados para tus paseos con raquetas sin necesidad de acompa\u00f1amiento.<\/p>\n","protected":false},"excerpt":{"rendered":"<p>Alquila tus raquetas de nieve y bastones con Loca-Ski y descubre el placer de los paseos con raquetas. Ideal para los amantes de las caminatas en paisajes nevados, para disfrutar sin necesidad de deslizarse. El espacio n\u00f3rdico de la estaci\u00f3n de La Pierre Saint Martin ofrece kil\u00f3metros de senderos se\u00f1alizados para tus paseos con raquetas [&hellip;]<\/p>\n","protected":false},"featured_media":11015,"comment_status":"open","ping_status":"closed","template":"","meta":{"_acf_changed":false,"slim_seo":{"title":"Raquetas nieve con bastones - Loca-ski La Pierre Saint Martin","description":"Alquila tus raquetas de nieve y bastones con Loca-Ski y descubre el placer de los paseos con raquetas. Ideal para los amantes de las caminatas en paisajes nevad"}},"product_brand":[],"product_cat":[710],"product_tag":[],"class_list":{"0":"post-12334","1":"product","2":"type-product","3":"status-publish","4":"has-post-thumbnail","6":"product_cat-raquetas-nieve","8":"first","9":"instock","10":"taxable","11":"shipping-taxable","12":"purchasable","13":"product-type-simple"},"acf":[],"_links":{"self":[{"href":"https:\/\/loca-ski.com\/es\/wp-json\/wp\/v2\/product\/12334","targetHints":{"allow":["GET"]}}],"collection":[{"href":"https:\/\/loca-ski.com\/es\/wp-json\/wp\/v2\/product"}],"about":[{"href":"https:\/\/loca-ski.com\/es\/wp-json\/wp\/v2\/types\/product"}],"replies":[{"embeddable":true,"href":"https:\/\/loca-ski.com\/es\/wp-json\/wp\/v2\/comments?post=12334"}],"version-history":[{"count":0,"href":"https:\/\/loca-ski.com\/es\/wp-json\/wp\/v2\/product\/12334\/revisions"}],"wp:featuredmedia":[{"embeddable":true,"href":"https:\/\/loca-ski.com\/es\/wp-json\/wp\/v2\/media\/11015"}],"wp:attachment":[{"href":"https:\/\/loca-ski.com\/es\/wp-json\/wp\/v2\/media?parent=12334"}],"wp:term":[{"taxonomy":"product_brand","embeddable":true,"href":"https:\/\/loca-ski.com\/es\/wp-json\/wp\/v2\/product_brand?post=12334"},{"taxonomy":"product_cat","embeddable":true,"href":"https:\/\/loca-ski.com\/es\/wp-json\/wp\/v2\/product_cat?post=12334"},{"taxonomy":"product_tag","embeddable":true,"href":"https:\/\/loca-ski.com\/es\/wp-json\/wp\/v2\/product_tag?post=12334"}],"curies":[{"name":"wp","href":"https:\/\/api.w.org\/{rel}","templated":true}]}}