{"id":12409,"date":"2021-12-05T10:42:30","date_gmt":"2021-12-05T08:42:30","guid":{"rendered":"https:\/\/loca-ski.com\/location-en-ligne\/sin%20categor\u00eda\/boots-snow-adulte\/"},"modified":"2025-01-29T12:06:04","modified_gmt":"2025-01-29T10:06:04","slug":"botas-snow-adulto","status":"publish","type":"product","link":"https:\/\/loca-ski.com\/es\/alquiler-en-linea\/botas\/botas-snow-adulto\/","title":{"rendered":"Botas snow adulto"},"content":{"rendered":"<h2>Botas snow adulto<\/h2>\n<p>\u00bfPlaneas disfrutar de la nieve sin preocuparte por el equipo? Alquila tus botas snow adulto con <strong>Loca-Ski La Pierre Saint Martin<\/strong> y siente la diferencia. Dise\u00f1adas para ofrecer <strong>ajuste \u00f3ptimo, comodidad y precisi\u00f3n<\/strong>, nuestras botas se adaptan a todos los niveles, desde principiantes hasta riders experimentados.<\/p>\n<p>\u2714 <strong>Sistema de ajuste seguro<\/strong> para un control perfecto.<br \/>\n\u2714 <strong>Forro interior acolchado<\/strong> para mantener los pies abrigados y c\u00f3modos.<br \/>\n\u2714 <strong>Compatibles con todos los tipos de fijaciones est\u00e1ndar<\/strong>.<\/p>\n<p>\u23f3 <strong>Alquiler flexible<\/strong> desde un d\u00eda hasta toda la semana, con <strong>tarifas decrecientes<\/strong>.<br \/>\n\ud83c\udf81 <strong>7\u00ba d\u00eda de alquiler GRATIS<\/strong> para que disfrutes al m\u00e1ximo de la monta\u00f1a.<\/p>\n","protected":false},"excerpt":{"rendered":"<p>Botas snow adulto \u00bfPlaneas disfrutar de la nieve sin preocuparte por el equipo? Alquila tus botas snow adulto con Loca-Ski La Pierre Saint Martin y siente la diferencia. Dise\u00f1adas para ofrecer ajuste \u00f3ptimo, comodidad y precisi\u00f3n, nuestras botas se adaptan a todos los niveles, desde principiantes hasta riders experimentados. \u2714 Sistema de ajuste seguro para [&hellip;]<\/p>\n","protected":false},"featured_media":11622,"comment_status":"open","ping_status":"closed","template":"","meta":{"_acf_changed":false,"slim_seo":{"title":"Botas snow adulto - Loca-ski La Pierre Saint Martin","description":"Botas snow adulto \u00bfPlaneas disfrutar de la nieve sin preocuparte por el equipo? Alquila tus botas snow adulto con Loca-Ski La Pierre Saint Martin y siente la di"}},"product_brand":[],"product_cat":[514,609],"product_tag":[707],"class_list":{"0":"post-12409","1":"product","2":"type-product","3":"status-publish","4":"has-post-thumbnail","6":"product_cat-botas","7":"product_cat-snowboard-es","8":"product_tag-adulto","9":"pa_pointure-adulte-37-es","10":"pa_pointure-adulte-38-es","11":"pa_pointure-adulte-39-es","12":"pa_pointure-adulte-40-es","13":"pa_pointure-adulte-41-es","14":"pa_pointure-adulte-42-es","15":"pa_pointure-adulte-43-es","16":"pa_pointure-adulte-44-es","17":"pa_pointure-adulte-45-es","18":"pa_pointure-adulte-46-es","19":"pa_pointure-adulte-47-es","20":"pa_pointure-adulte-48-es","21":"pa_pointure-adulte-49-es","22":"pa_pointure-adulte-50-es","23":"wcpa_has_options","25":"first","26":"instock","27":"taxable","28":"shipping-taxable","29":"purchasable","30":"product-type-simple"},"acf":[],"_links":{"self":[{"href":"https:\/\/loca-ski.com\/es\/wp-json\/wp\/v2\/product\/12409","targetHints":{"allow":["GET"]}}],"collection":[{"href":"https:\/\/loca-ski.com\/es\/wp-json\/wp\/v2\/product"}],"about":[{"href":"https:\/\/loca-ski.com\/es\/wp-json\/wp\/v2\/types\/product"}],"replies":[{"embeddable":true,"href":"https:\/\/loca-ski.com\/es\/wp-json\/wp\/v2\/comments?post=12409"}],"version-history":[{"count":0,"href":"https:\/\/loca-ski.com\/es\/wp-json\/wp\/v2\/product\/12409\/revisions"}],"wp:featuredmedia":[{"embeddable":true,"href":"https:\/\/loca-ski.com\/es\/wp-json\/wp\/v2\/media\/11622"}],"wp:attachment":[{"href":"https:\/\/loca-ski.com\/es\/wp-json\/wp\/v2\/media?parent=12409"}],"wp:term":[{"taxonomy":"product_brand","embeddable":true,"href":"https:\/\/loca-ski.com\/es\/wp-json\/wp\/v2\/product_brand?post=12409"},{"taxonomy":"product_cat","embeddable":true,"href":"https:\/\/loca-ski.com\/es\/wp-json\/wp\/v2\/product_cat?post=12409"},{"taxonomy":"product_tag","embeddable":true,"href":"https:\/\/loca-ski.com\/es\/wp-json\/wp\/v2\/product_tag?post=12409"}],"curies":[{"name":"wp","href":"https:\/\/api.w.org\/{rel}","templated":true}]}}