{"id":12455,"date":"2021-12-04T18:53:11","date_gmt":"2021-12-04T18:53:11","guid":{"rendered":"https:\/\/loca-ski.com\/location-en-ligne\/sin%20categor\u00eda\/pack-rouge\/"},"modified":"2025-01-29T11:59:43","modified_gmt":"2025-01-29T09:59:43","slug":"pack-rojo","status":"publish","type":"product","link":"https:\/\/loca-ski.com\/es\/alquiler-en-linea\/esqui\/paquetes-de-esqui-es\/pack-rojo\/","title":{"rendered":"Pack rojo"},"content":{"rendered":"<h2>El pack rojo = esqu\u00eds + botas de esqu\u00ed + bastones.<\/h2>\n<p>Para el esquiador todoterreno. Sensaciones y diversi\u00f3n garantizadas.<\/p>\n<p>Un modelo de esqu\u00ed evolutivo por excelencia, ideal para quienes desean progresar y descubrir nuevas sensaciones con total confianza.<\/p>\n","protected":false},"excerpt":{"rendered":"<p>El pack rojo = esqu\u00eds + botas de esqu\u00ed + bastones. Para el esquiador todoterreno. Sensaciones y diversi\u00f3n garantizadas. Un modelo de esqu\u00ed evolutivo por excelencia, ideal para quienes desean progresar y descubrir nuevas sensaciones con total confianza.<\/p>\n","protected":false},"featured_media":12443,"comment_status":"open","ping_status":"closed","template":"","meta":{"_acf_changed":false,"slim_seo":{"title":"Pack rojo - Loca-ski La Pierre Saint Martin","description":"El pack rojo = esqu\u00eds + botas de esqu\u00ed + bastones. Para el esquiador todoterreno. Sensaciones y diversi\u00f3n garantizadas. Un modelo de esqu\u00ed evolutivo por excelen"}},"product_brand":[],"product_cat":[610,595],"product_tag":[],"class_list":{"0":"post-12455","1":"product","2":"type-product","3":"status-publish","4":"has-post-thumbnail","6":"product_cat-esqui","7":"product_cat-paquetes-de-esqui-es","8":"wcpa_has_options","10":"first","11":"instock","12":"taxable","13":"shipping-taxable","14":"purchasable","15":"product-type-simple"},"acf":[],"_links":{"self":[{"href":"https:\/\/loca-ski.com\/es\/wp-json\/wp\/v2\/product\/12455","targetHints":{"allow":["GET"]}}],"collection":[{"href":"https:\/\/loca-ski.com\/es\/wp-json\/wp\/v2\/product"}],"about":[{"href":"https:\/\/loca-ski.com\/es\/wp-json\/wp\/v2\/types\/product"}],"replies":[{"embeddable":true,"href":"https:\/\/loca-ski.com\/es\/wp-json\/wp\/v2\/comments?post=12455"}],"version-history":[{"count":0,"href":"https:\/\/loca-ski.com\/es\/wp-json\/wp\/v2\/product\/12455\/revisions"}],"wp:featuredmedia":[{"embeddable":true,"href":"https:\/\/loca-ski.com\/es\/wp-json\/wp\/v2\/media\/12443"}],"wp:attachment":[{"href":"https:\/\/loca-ski.com\/es\/wp-json\/wp\/v2\/media?parent=12455"}],"wp:term":[{"taxonomy":"product_brand","embeddable":true,"href":"https:\/\/loca-ski.com\/es\/wp-json\/wp\/v2\/product_brand?post=12455"},{"taxonomy":"product_cat","embeddable":true,"href":"https:\/\/loca-ski.com\/es\/wp-json\/wp\/v2\/product_cat?post=12455"},{"taxonomy":"product_tag","embeddable":true,"href":"https:\/\/loca-ski.com\/es\/wp-json\/wp\/v2\/product_tag?post=12455"}],"curies":[{"name":"wp","href":"https:\/\/api.w.org\/{rel}","templated":true}]}}