{"id":12456,"date":"2021-12-04T18:53:10","date_gmt":"2021-12-04T18:53:10","guid":{"rendered":"https:\/\/loca-ski.com\/location-en-ligne\/sin%20categor\u00eda\/pack-bleu\/"},"modified":"2025-01-29T12:12:47","modified_gmt":"2025-01-29T10:12:47","slug":"pack-azul","status":"publish","type":"product","link":"https:\/\/loca-ski.com\/es\/alquiler-en-linea\/esqui\/paquetes-de-esqui-es\/pack-azul\/","title":{"rendered":"Pack azul"},"content":{"rendered":"<h2><strong>Pack de esqu\u00ed azul = esqu\u00eds + botas de esqu\u00ed + bastones.<\/strong><\/h2>\n<p>Pack de esqu\u00ed <strong>descubrimiento<\/strong>. Equipo manejable y seguro.<\/p>\n<p>Un esqu\u00ed dise\u00f1ado para principiantes, f\u00e1cil de girar sin perder agarre en pistas duras.<\/p>\n<p>El <strong>Agyl<\/strong> es una excelente opci\u00f3n para descubrir el placer de deslizarse sobre la nieve.<\/p>\n<p><em>Foto no contractual.<\/em><\/p>\n","protected":false},"excerpt":{"rendered":"<p>Pack de esqu\u00ed azul = esqu\u00eds + botas de esqu\u00ed + bastones. Pack de esqu\u00ed descubrimiento. Equipo manejable y seguro. Un esqu\u00ed dise\u00f1ado para principiantes, f\u00e1cil de girar sin perder agarre en pistas duras. El Agyl es una excelente opci\u00f3n para descubrir el placer de deslizarse sobre la nieve. Foto no contractual.<\/p>\n","protected":false},"featured_media":12439,"comment_status":"open","ping_status":"closed","template":"","meta":{"_acf_changed":false,"slim_seo":{"title":"Pack azul - Loca-ski La Pierre Saint Martin","description":"Pack de esqu\u00ed azul = esqu\u00eds + botas de esqu\u00ed + bastones. Pack de esqu\u00ed descubrimiento . Equipo manejable y seguro. Un esqu\u00ed dise\u00f1ado para principiantes, f\u00e1cil d"}},"product_brand":[],"product_cat":[610,595],"product_tag":[],"class_list":{"0":"post-12456","1":"product","2":"type-product","3":"status-publish","4":"has-post-thumbnail","6":"product_cat-esqui","7":"product_cat-paquetes-de-esqui-es","8":"wcpa_has_options","10":"first","11":"instock","12":"taxable","13":"shipping-taxable","14":"purchasable","15":"product-type-simple"},"acf":[],"_links":{"self":[{"href":"https:\/\/loca-ski.com\/es\/wp-json\/wp\/v2\/product\/12456","targetHints":{"allow":["GET"]}}],"collection":[{"href":"https:\/\/loca-ski.com\/es\/wp-json\/wp\/v2\/product"}],"about":[{"href":"https:\/\/loca-ski.com\/es\/wp-json\/wp\/v2\/types\/product"}],"replies":[{"embeddable":true,"href":"https:\/\/loca-ski.com\/es\/wp-json\/wp\/v2\/comments?post=12456"}],"version-history":[{"count":0,"href":"https:\/\/loca-ski.com\/es\/wp-json\/wp\/v2\/product\/12456\/revisions"}],"wp:featuredmedia":[{"embeddable":true,"href":"https:\/\/loca-ski.com\/es\/wp-json\/wp\/v2\/media\/12439"}],"wp:attachment":[{"href":"https:\/\/loca-ski.com\/es\/wp-json\/wp\/v2\/media?parent=12456"}],"wp:term":[{"taxonomy":"product_brand","embeddable":true,"href":"https:\/\/loca-ski.com\/es\/wp-json\/wp\/v2\/product_brand?post=12456"},{"taxonomy":"product_cat","embeddable":true,"href":"https:\/\/loca-ski.com\/es\/wp-json\/wp\/v2\/product_cat?post=12456"},{"taxonomy":"product_tag","embeddable":true,"href":"https:\/\/loca-ski.com\/es\/wp-json\/wp\/v2\/product_tag?post=12456"}],"curies":[{"name":"wp","href":"https:\/\/api.w.org\/{rel}","templated":true}]}}