{"id":12457,"date":"2021-12-04T18:53:10","date_gmt":"2021-12-04T16:53:10","guid":{"rendered":"https:\/\/loca-ski.com\/location-en-ligne\/sin%20categor\u00eda\/pack-pitchoun\/"},"modified":"2025-01-29T12:18:28","modified_gmt":"2025-01-29T10:18:28","slug":"pack-pitchoun","status":"publish","type":"product","link":"https:\/\/loca-ski.com\/es\/alquiler-en-linea\/esqui\/paquetes-de-esqui-es\/pack-pitchoun\/","title":{"rendered":"Pack Pitchoun"},"content":{"rendered":"<p>Le pack ski Pitchoun est pens\u00e9 pour les 2 &#8211; 6 ans. (skis jusqu&#8217;\u00e0 110 cms)<\/p>\n<p>Du mat\u00e9riel adapt\u00e9 au poids et \u00e0 taille des enfants de cette tranche d\u2019\u00e2ge pour d\u00e9couvrir le plaisir du ski en toute s\u00e9curit\u00e9.<\/p>\n<p>Le prix du pack inclus : les skis, les chaussures et les b\u00e2tons.<\/p>\n<p>&nbsp;<\/p>\n<p>Photos non contractuelles<\/p>\n","protected":false},"excerpt":{"rendered":"<p>El precio del pack incluye: los esqu\u00eds, las botas y los bastones.<\/p>\n","protected":false},"featured_media":12441,"comment_status":"open","ping_status":"closed","template":"","meta":{"_acf_changed":false,"slim_seo":{"title":"Pack Pitchoun - Loca-ski La Pierre Saint Martin","description":"El precio del pack incluye: los esqu\u00eds, las botas y los bastones."}},"product_brand":[],"product_cat":[610,595],"product_tag":[],"class_list":{"0":"post-12457","1":"product","2":"type-product","3":"status-publish","4":"has-post-thumbnail","6":"product_cat-esqui","7":"product_cat-paquetes-de-esqui-es","8":"wcpa_has_options","10":"first","11":"instock","12":"taxable","13":"shipping-taxable","14":"purchasable","15":"product-type-simple"},"acf":[],"_links":{"self":[{"href":"https:\/\/loca-ski.com\/es\/wp-json\/wp\/v2\/product\/12457","targetHints":{"allow":["GET"]}}],"collection":[{"href":"https:\/\/loca-ski.com\/es\/wp-json\/wp\/v2\/product"}],"about":[{"href":"https:\/\/loca-ski.com\/es\/wp-json\/wp\/v2\/types\/product"}],"replies":[{"embeddable":true,"href":"https:\/\/loca-ski.com\/es\/wp-json\/wp\/v2\/comments?post=12457"}],"version-history":[{"count":0,"href":"https:\/\/loca-ski.com\/es\/wp-json\/wp\/v2\/product\/12457\/revisions"}],"wp:featuredmedia":[{"embeddable":true,"href":"https:\/\/loca-ski.com\/es\/wp-json\/wp\/v2\/media\/12441"}],"wp:attachment":[{"href":"https:\/\/loca-ski.com\/es\/wp-json\/wp\/v2\/media?parent=12457"}],"wp:term":[{"taxonomy":"product_brand","embeddable":true,"href":"https:\/\/loca-ski.com\/es\/wp-json\/wp\/v2\/product_brand?post=12457"},{"taxonomy":"product_cat","embeddable":true,"href":"https:\/\/loca-ski.com\/es\/wp-json\/wp\/v2\/product_cat?post=12457"},{"taxonomy":"product_tag","embeddable":true,"href":"https:\/\/loca-ski.com\/es\/wp-json\/wp\/v2\/product_tag?post=12457"}],"curies":[{"name":"wp","href":"https:\/\/api.w.org\/{rel}","templated":true}]}}