{"id":12458,"date":"2021-12-04T18:53:12","date_gmt":"2021-12-04T16:53:12","guid":{"rendered":"https:\/\/loca-ski.com\/?post_type=product&#038;p=12458"},"modified":"2025-01-29T11:27:44","modified_gmt":"2025-01-29T09:27:44","slug":"paquete-esqui-junior","status":"publish","type":"product","link":"https:\/\/loca-ski.com\/es\/alquiler-en-linea\/esqui\/paquetes-de-esqui-es\/paquete-esqui-junior\/","title":{"rendered":"Paquete esqu\u00ed junior"},"content":{"rendered":"<p>El pack de esqu\u00ed junior incluye esqu\u00eds, botas y bastones.<\/p>\n<p>Dise\u00f1ado especialmente para la gama junior, este esqu\u00ed se adapta a todo tipo de terrenos y nieve, facilitando y acelerando el progreso.<\/p>\n<p>Se caracteriza por una estructura ligera que permite a los m\u00e1s j\u00f3venes disfrutar plenamente del placer de deslizarse sobre la nieve.<\/p>\n","protected":false},"excerpt":{"rendered":"<p>El pack de esqu\u00ed junior incluye esqu\u00eds, botas y bastones. Dise\u00f1ado especialmente para la gama junior, este esqu\u00ed se adapta a todo tipo de terrenos y nieve, facilitando y acelerando el progreso. Se caracteriza por una estructura ligera que permite a los m\u00e1s j\u00f3venes disfrutar plenamente del placer de deslizarse sobre la nieve.<\/p>\n","protected":false},"featured_media":12423,"comment_status":"open","ping_status":"closed","template":"","meta":{"_acf_changed":false,"slim_seo":{"title":"Paquete esqu\u00ed junior - Loca-ski La Pierre Saint Martin","description":"El pack de esqu\u00ed junior incluye esqu\u00eds, botas y bastones. Dise\u00f1ado especialmente para la gama junior, este esqu\u00ed se adapta a todo tipo de terrenos y nieve, faci"}},"product_brand":[],"product_cat":[610,595],"product_tag":[690],"class_list":{"0":"post-12458","1":"product","2":"type-product","3":"status-publish","4":"has-post-thumbnail","6":"product_cat-esqui","7":"product_cat-paquetes-de-esqui-es","8":"product_tag-junior-es","9":"wcpa_has_options","11":"first","12":"instock","13":"taxable","14":"shipping-taxable","15":"purchasable","16":"product-type-simple"},"acf":[],"_links":{"self":[{"href":"https:\/\/loca-ski.com\/es\/wp-json\/wp\/v2\/product\/12458","targetHints":{"allow":["GET"]}}],"collection":[{"href":"https:\/\/loca-ski.com\/es\/wp-json\/wp\/v2\/product"}],"about":[{"href":"https:\/\/loca-ski.com\/es\/wp-json\/wp\/v2\/types\/product"}],"replies":[{"embeddable":true,"href":"https:\/\/loca-ski.com\/es\/wp-json\/wp\/v2\/comments?post=12458"}],"version-history":[{"count":0,"href":"https:\/\/loca-ski.com\/es\/wp-json\/wp\/v2\/product\/12458\/revisions"}],"wp:featuredmedia":[{"embeddable":true,"href":"https:\/\/loca-ski.com\/es\/wp-json\/wp\/v2\/media\/12423"}],"wp:attachment":[{"href":"https:\/\/loca-ski.com\/es\/wp-json\/wp\/v2\/media?parent=12458"}],"wp:term":[{"taxonomy":"product_brand","embeddable":true,"href":"https:\/\/loca-ski.com\/es\/wp-json\/wp\/v2\/product_brand?post=12458"},{"taxonomy":"product_cat","embeddable":true,"href":"https:\/\/loca-ski.com\/es\/wp-json\/wp\/v2\/product_cat?post=12458"},{"taxonomy":"product_tag","embeddable":true,"href":"https:\/\/loca-ski.com\/es\/wp-json\/wp\/v2\/product_tag?post=12458"}],"curies":[{"name":"wp","href":"https:\/\/api.w.org\/{rel}","templated":true}]}}