{"id":12504,"date":"2021-12-04T18:53:10","date_gmt":"2021-12-04T16:53:10","guid":{"rendered":"https:\/\/loca-ski.com\/location-en-ligne\/sin%20categor\u00eda\/skis-rouge\/"},"modified":"2025-01-29T12:35:49","modified_gmt":"2025-01-29T10:35:49","slug":"esquis-rojo","status":"publish","type":"product","link":"https:\/\/loca-ski.com\/es\/alquiler-en-linea\/esqui\/esquis-solos\/esquis-rojo\/","title":{"rendered":"Esqu\u00eds rojo"},"content":{"rendered":"<h2><strong>Esqu\u00eds rojo = solo esqu\u00eds<\/strong> *<\/h2>\n<p>Nuestros <strong>esqu\u00eds rojo<\/strong>\u00a0son ideales para el esquiador todoterreno.<\/p>\n<p>Con un <strong>radio corto<\/strong> para facilitar el manejo y un <strong>n\u00facleo ligero Active Air Core<\/strong> que mejora la agilidad, garantizan un progreso sin l\u00edmites.<\/p>\n<p><em>Para alquilar el equipo completo, consulta nuestros packs.<\/em><\/p>\n","protected":false},"excerpt":{"rendered":"<p>Sensaciones y diversi\u00f3n garantizadas.<\/p>\n","protected":false},"featured_media":10812,"comment_status":"open","ping_status":"closed","template":"","meta":{"_acf_changed":false,"slim_seo":{"title":"Esqu\u00eds rojo - Loca-ski La Pierre Saint Martin","description":"Sensaciones y diversi\u00f3n garantizadas."}},"product_brand":[],"product_cat":[610,619],"product_tag":[],"class_list":{"0":"post-12504","1":"product","2":"type-product","3":"status-publish","4":"has-post-thumbnail","6":"product_cat-esqui","7":"product_cat-esquis-solos","8":"wcpa_has_options","10":"first","11":"instock","12":"taxable","13":"shipping-taxable","14":"purchasable","15":"product-type-simple"},"acf":[],"_links":{"self":[{"href":"https:\/\/loca-ski.com\/es\/wp-json\/wp\/v2\/product\/12504","targetHints":{"allow":["GET"]}}],"collection":[{"href":"https:\/\/loca-ski.com\/es\/wp-json\/wp\/v2\/product"}],"about":[{"href":"https:\/\/loca-ski.com\/es\/wp-json\/wp\/v2\/types\/product"}],"replies":[{"embeddable":true,"href":"https:\/\/loca-ski.com\/es\/wp-json\/wp\/v2\/comments?post=12504"}],"version-history":[{"count":0,"href":"https:\/\/loca-ski.com\/es\/wp-json\/wp\/v2\/product\/12504\/revisions"}],"wp:featuredmedia":[{"embeddable":true,"href":"https:\/\/loca-ski.com\/es\/wp-json\/wp\/v2\/media\/10812"}],"wp:attachment":[{"href":"https:\/\/loca-ski.com\/es\/wp-json\/wp\/v2\/media?parent=12504"}],"wp:term":[{"taxonomy":"product_brand","embeddable":true,"href":"https:\/\/loca-ski.com\/es\/wp-json\/wp\/v2\/product_brand?post=12504"},{"taxonomy":"product_cat","embeddable":true,"href":"https:\/\/loca-ski.com\/es\/wp-json\/wp\/v2\/product_cat?post=12504"},{"taxonomy":"product_tag","embeddable":true,"href":"https:\/\/loca-ski.com\/es\/wp-json\/wp\/v2\/product_tag?post=12504"}],"curies":[{"name":"wp","href":"https:\/\/api.w.org\/{rel}","templated":true}]}}