{"id":12505,"date":"2021-12-04T18:53:10","date_gmt":"2021-12-04T16:53:10","guid":{"rendered":"https:\/\/loca-ski.com\/location-en-ligne\/sin%20categor\u00eda\/skis-bleu\/"},"modified":"2025-01-29T12:34:32","modified_gmt":"2025-01-29T10:34:32","slug":"esquis-azul","status":"publish","type":"product","link":"https:\/\/loca-ski.com\/es\/alquiler-en-linea\/esqui\/esquis-solos\/esquis-azul\/","title":{"rendered":"Esqu\u00eds azul"},"content":{"rendered":"<h2><strong>Esqu\u00eds azul = solo esqu\u00eds<\/strong> *<\/h2>\n<p>Los esqu\u00eds azules son esqu\u00eds de iniciaci\u00f3n. Equipo manejable y seguro.<\/p>\n<p>Un esqu\u00ed dise\u00f1ado para principiantes, f\u00e1cil de girar sin perder agarre en pistas duras. Una excelente opci\u00f3n para descubrir el placer de deslizarse sobre la nieve.<\/p>\n<p><em>Para alquilar el equipo completo, consulta nuestros packs.<\/em><\/p>\n<p>&nbsp;<\/p>\n","protected":false},"excerpt":{"rendered":"<p>Equipo manejable y seguro.<\/p>\n","protected":false},"featured_media":10794,"comment_status":"open","ping_status":"closed","template":"","meta":{"_acf_changed":false,"slim_seo":{"title":"Esqu\u00eds azul - Loca-ski La Pierre Saint Martin","description":"Equipo manejable y seguro."}},"product_brand":[],"product_cat":[610,619],"product_tag":[],"class_list":{"0":"post-12505","1":"product","2":"type-product","3":"status-publish","4":"has-post-thumbnail","6":"product_cat-esqui","7":"product_cat-esquis-solos","8":"wcpa_has_options","10":"first","11":"instock","12":"taxable","13":"shipping-taxable","14":"purchasable","15":"product-type-simple"},"acf":[],"_links":{"self":[{"href":"https:\/\/loca-ski.com\/es\/wp-json\/wp\/v2\/product\/12505","targetHints":{"allow":["GET"]}}],"collection":[{"href":"https:\/\/loca-ski.com\/es\/wp-json\/wp\/v2\/product"}],"about":[{"href":"https:\/\/loca-ski.com\/es\/wp-json\/wp\/v2\/types\/product"}],"replies":[{"embeddable":true,"href":"https:\/\/loca-ski.com\/es\/wp-json\/wp\/v2\/comments?post=12505"}],"version-history":[{"count":0,"href":"https:\/\/loca-ski.com\/es\/wp-json\/wp\/v2\/product\/12505\/revisions"}],"wp:featuredmedia":[{"embeddable":true,"href":"https:\/\/loca-ski.com\/es\/wp-json\/wp\/v2\/media\/10794"}],"wp:attachment":[{"href":"https:\/\/loca-ski.com\/es\/wp-json\/wp\/v2\/media?parent=12505"}],"wp:term":[{"taxonomy":"product_brand","embeddable":true,"href":"https:\/\/loca-ski.com\/es\/wp-json\/wp\/v2\/product_brand?post=12505"},{"taxonomy":"product_cat","embeddable":true,"href":"https:\/\/loca-ski.com\/es\/wp-json\/wp\/v2\/product_cat?post=12505"},{"taxonomy":"product_tag","embeddable":true,"href":"https:\/\/loca-ski.com\/es\/wp-json\/wp\/v2\/product_tag?post=12505"}],"curies":[{"name":"wp","href":"https:\/\/api.w.org\/{rel}","templated":true}]}}