{"id":12526,"date":"2021-12-04T18:53:12","date_gmt":"2021-12-04T16:53:12","guid":{"rendered":"https:\/\/loca-ski.com\/location-en-ligne\/sin%20categor\u00eda\/pack-snowboard-junior\/"},"modified":"2025-01-29T13:37:01","modified_gmt":"2025-01-29T11:37:01","slug":"pack-snowboard-junior","status":"publish","type":"product","link":"https:\/\/loca-ski.com\/es\/alquiler-en-linea\/snowboard-es\/pack-snow-es\/pack-snowboard-junior\/","title":{"rendered":"Pack snowboard junior"},"content":{"rendered":"<h3><strong>\ud83c\udfc2 Pack Snowboard Junior \u2013 Alquiler con Loca-Ski La Pierre Saint Martin<\/strong><\/h3>\n<p>\ud83d\udd39 <strong>Diversi\u00f3n y aprendizaje en la nieve<\/strong><\/p>\n<p>El <strong>pack snowboard junior<\/strong> es perfecto para los j\u00f3venes riders que quieren descubrir o mejorar su t\u00e9cnica en la nieve. Dise\u00f1ado para ofrecer <strong>m\u00e1xima estabilidad, maniobrabilidad y seguridad<\/strong>, este equipo ayuda a progresar con confianza.<\/p>\n<p>\u2714 <strong>Incluye snowboard + botas adaptadas a los m\u00e1s j\u00f3venes<\/strong>.<br \/>\n\u2714 <strong>F\u00e1cil de controlar para giros suaves y progresi\u00f3n r\u00e1pida<\/strong>.<br \/>\n\u2714 <strong>Agarre \u00f3ptimo en distintos tipos de nieve para mayor seguridad<\/strong>.<\/p>\n<p>\u23f3 <strong>Alquiler flexible por d\u00edas o semanas, con tarifas decrecientes<\/strong>.<br \/>\n\ud83c\udf81 <strong>\u00a17\u00ba d\u00eda de alquiler GRATIS!<\/strong><\/p>\n","protected":false},"excerpt":{"rendered":"<p>7i\u00e8me jour OFFERT<\/p>\n","protected":false},"featured_media":10745,"comment_status":"open","ping_status":"closed","template":"","meta":{"_acf_changed":false,"slim_seo":{"title":"Pack snowboard junior - Loca-ski La Pierre Saint Martin","description":"7i\u00e8me jour OFFERT"}},"product_brand":[],"product_cat":[660,609],"product_tag":[],"class_list":{"0":"post-12526","1":"product","2":"type-product","3":"status-publish","4":"has-post-thumbnail","6":"product_cat-pack-snow-es","7":"product_cat-snowboard-es","8":"wcpa_has_options","10":"first","11":"instock","12":"taxable","13":"shipping-taxable","14":"purchasable","15":"product-type-simple"},"acf":[],"_links":{"self":[{"href":"https:\/\/loca-ski.com\/es\/wp-json\/wp\/v2\/product\/12526","targetHints":{"allow":["GET"]}}],"collection":[{"href":"https:\/\/loca-ski.com\/es\/wp-json\/wp\/v2\/product"}],"about":[{"href":"https:\/\/loca-ski.com\/es\/wp-json\/wp\/v2\/types\/product"}],"replies":[{"embeddable":true,"href":"https:\/\/loca-ski.com\/es\/wp-json\/wp\/v2\/comments?post=12526"}],"version-history":[{"count":0,"href":"https:\/\/loca-ski.com\/es\/wp-json\/wp\/v2\/product\/12526\/revisions"}],"wp:featuredmedia":[{"embeddable":true,"href":"https:\/\/loca-ski.com\/es\/wp-json\/wp\/v2\/media\/10745"}],"wp:attachment":[{"href":"https:\/\/loca-ski.com\/es\/wp-json\/wp\/v2\/media?parent=12526"}],"wp:term":[{"taxonomy":"product_brand","embeddable":true,"href":"https:\/\/loca-ski.com\/es\/wp-json\/wp\/v2\/product_brand?post=12526"},{"taxonomy":"product_cat","embeddable":true,"href":"https:\/\/loca-ski.com\/es\/wp-json\/wp\/v2\/product_cat?post=12526"},{"taxonomy":"product_tag","embeddable":true,"href":"https:\/\/loca-ski.com\/es\/wp-json\/wp\/v2\/product_tag?post=12526"}],"curies":[{"name":"wp","href":"https:\/\/api.w.org\/{rel}","templated":true}]}}